{"id":358,"date":"2025-02-24T11:35:10","date_gmt":"2025-02-24T10:35:10","guid":{"rendered":"https:\/\/secretdestrier.com\/?post_type=product&#038;p=358"},"modified":"2026-04-15T07:00:01","modified_gmt":"2026-04-15T05:00:01","slug":"chasse-au-tresor-le-secret-du-destrier","status":"publish","type":"product","link":"https:\/\/secretdestrier.com\/en\/product\/chasse-au-tresor-le-secret-du-destrier\/","title":{"rendered":"TREASURE HUNT \"THE DESTRIER'S SECRET\""},"content":{"rendered":"<div class=\"wp-block-columns is-layout-flex wp-container-core-columns-is-layout-28f84493 wp-block-columns-is-layout-flex\">\n<div class=\"wp-block-column is-style-default is-layout-flow wp-block-column-is-layout-flow\" style=\"flex-basis:100%\">\n<h6 class=\"wp-block-heading\"><strong>\ud83c\udf0d A treasure hunt available and accessible to everyone, everywhere in the world. \ud83c\udf0d<\/strong><\/h6>\n\n\n\n<p><\/p>\n<\/div>\n<\/div>\n\n\n\n<h3 class=\"wp-block-heading\">\ud83d\udcd6 \u2728 <strong>7 myst\u00e9rieuses \u00e9nigmes<\/strong> \u00e0 r\u00e9soudre (digitale) &amp; tentez de remporter <strong>+ the sculptur<\/strong>e up for grabs<strong>!<\/strong><\/h3>\n\n\n\n<h3 class=\"wp-block-heading\">\ud83d\udcb8\ud83c\udfc6 <strong>Win right from hom<\/strong>e by sending your solution to the game\u2019s creator. <strong><em>(<\/em><\/strong><em><strong>You don\u2019t need to dig up the chest to win<\/strong><\/em> \ud83d\ude09<em>)<\/em><\/h3>\n\n\n\n<h3 class=\"wp-block-heading\">\ud83c\udf81 \u2709\ufe0f Bonus:\u2013 <strong><em><strong><span style=\"text-decoration: underline\">Deux \u00e9nigmes exclusives offertes d\u00e8s maintenant&nbsp;par mail<\/span>&nbsp;en commandant la chasse au tr\u00e9sor<\/strong><\/em> !<\/strong><\/h3>\n\n\n\n<h3 class=\"wp-block-heading\"><strong><strong>Join the adventure today<\/strong> <strong>and take the lead!<\/strong><\/strong><\/h3>\n\n\n\n<ul class=\"wp-block-list is-style-default\">\n<li><em>Thanks to <em><a href=\"https:\/\/www.chess.com\/home\">Chess.com<\/a><\/em> allowing me to use their images<\/em> ! <\/li>\n<\/ul>\n\n\n\n<ul class=\"wp-block-list is-style-default\">\n<li>\u2696\ufe0f \ud83d\udcdc <a href=\"https:\/\/secretdestrier.com\/en\/reglement-du-jeu\/\">Official rules<\/a><em> filed at the o<\/em>f<em>fice&nbsp;<\/em><strong>of<\/strong>&nbsp;<em>OFFICIALIS \u2013 Judicial Officers.<\/em><\/li>\n<\/ul>\n\n\n\n<p><\/p>","protected":false},"excerpt":{"rendered":"<p><strong>\ud83c\udf0d A treasure hunt available and accessible to everyone, everywhere in the world. \ud83c\udf0d<\/strong><\/p>\n<p><img decoding=\"async\" role=\"img\" class=\"emoji\" src=\"https:\/\/s.w.org\/images\/core\/emoji\/16.0.1\/svg\/1f4d6.svg\" alt=\"\ud83d\udcd6\"> <img decoding=\"async\" role=\"img\" class=\"emoji\" src=\"https:\/\/s.w.org\/images\/core\/emoji\/16.0.1\/svg\/2728.svg\" alt=\"\u2728\"> <strong>A book of 7 riddles\/puzzles<\/strong> \u2014 with \u20ac20,000 in gold <strong>20 000 \u20ac en or !<\/strong><\/p>\n<p><img decoding=\"async\" role=\"img\" class=\"emoji\" src=\"https:\/\/s.w.org\/images\/core\/emoji\/16.0.1\/svg\/1f4b8.svg\" alt=\"\ud83d\udcb8\"><img decoding=\"async\" role=\"img\" class=\"emoji\" src=\"https:\/\/s.w.org\/images\/core\/emoji\/16.0.1\/svg\/1f3c6.svg\" alt=\"\ud83c\udfc6\"> <strong>Win right from hom<\/strong>, en\u00a0envoyant votre solution \u00e0 l\u2019auteur du jeu. <strong><em>(<\/em><\/strong><em><strong>You don\u2019t need to dig up the chest to win<\/strong><\/em> <img decoding=\"async\" role=\"img\" class=\"emoji\" src=\"https:\/\/s.w.org\/images\/core\/emoji\/16.0.1\/svg\/1f609.svg\" alt=\"\ud83d\ude09\"><em>)<\/em><\/p>\n<p><img decoding=\"async\" role=\"img\" class=\"emoji\" src=\"https:\/\/s.w.org\/images\/core\/emoji\/16.0.1\/svg\/1f381.svg\" alt=\"\ud83c\udf81\">\u00a0<img decoding=\"async\" role=\"img\" class=\"emoji\" src=\"https:\/\/s.w.org\/images\/core\/emoji\/16.0.1\/svg\/2709.svg\" alt=\"\u2709\ufe0f\"> Bonus : <strong><em><strong><a href=\"#\">Trois \u00e9nigmes exclusives offertes d\u00e8s maintenant<\/a>\u00a0par mail\u00a0en pr\u00e9commandant la chasse au tr\u00e9sor<\/strong> :<\/em> <em>\u2014 a first taste of the mystery!<\/em><\/strong><\/p>\n<p><strong>Join the adventure today<\/strong> <strong>and take the lead!<\/strong><\/p>\n<p><em>Thanks to <a href=\"https:\/\/www.chess.com\/home\">Chess.com<\/a> allowing me to use their images<\/em> ! <br \/><img decoding=\"async\" role=\"img\" class=\"emoji\" src=\"https:\/\/s.w.org\/images\/core\/emoji\/16.0.1\/svg\/2696.svg\" alt=\"\u2696\ufe0f\"><img decoding=\"async\" role=\"img\" class=\"emoji\" src=\"https:\/\/s.w.org\/images\/core\/emoji\/16.0.1\/svg\/1f4dc.svg\" alt=\"\ud83d\udcdc\"><a href=\"https:\/\/drive.google.com\/file\/d\/1yyiOltdp3QPIKTaiI8_cDeEgUfEhPQgx\/view?usp=sharing\">Official rules<\/a><em>\u00a0d\u00e9pos\u00e9 en <\/em>l&rsquo;\u00c9<em>fice\u00a0<\/em><strong>of<\/strong>\u00a0<em>OFFICIALIS \u2013 Judicial Officers.<\/em>\u00a0<\/p>","protected":false},"featured_media":1064,"template":"","meta":[],"product_brand":[],"product_cat":[22],"product_tag":[],"class_list":{"0":"post-358","1":"product","2":"type-product","3":"status-publish","4":"has-post-thumbnail","6":"product_cat-non-classe","8":"first","9":"instock","10":"sale","11":"downloadable","12":"virtual","13":"sold-individually","14":"purchasable","15":"product-type-simple"},"yoast_head":"<!-- This site is optimized with the Yoast SEO plugin v27.4 - https:\/\/yoast.com\/product\/yoast-seo-wordpress\/ -->\n<title>CHASSE AU TRESOR \u00ab LE SECRET DU DESTRIER \u00bb - Le Secret Du Destrier<\/title>\n<meta name=\"robots\" content=\"index, follow, max-snippet:-1, max-image-preview:large, max-video-preview:-1\" \/>\n<link rel=\"canonical\" href=\"https:\/\/secretdestrier.com\/en\/product\/chasse-au-tresor-le-secret-du-destrier\/\" \/>\n<meta property=\"og:locale\" content=\"en_GB\" \/>\n<meta property=\"og:type\" content=\"article\" \/>\n<meta property=\"og:title\" content=\"CHASSE AU TRESOR \u00ab LE SECRET DU DESTRIER \u00bb - Le Secret Du Destrier\" \/>\n<meta property=\"og:description\" content=\"Le compte \u00e0 rebours est lanc\u00e9 ! Un livre de 7 \u00e9nigmes &amp; tentez de remporter 20 000 \u20ac en or ! Gagnez depuis chez vous, en\u00a0envoyant votre solution \u00e0 l\u2019auteur du jeu. (D\u00e9terrer le coffre est optionnel )\u00a0 Bonus : Trois \u00e9nigmes exclusives offertes d\u00e8s maintenant\u00a0par mail\u00a0en pr\u00e9commandant la chasse au tr\u00e9sor : un avant-go\u00fbt du myst\u00e8re !Rejoignez l\u2019aventure d\u00e8s aujourd&#039;hui et ne manquez pas de prendre de l\u2019avance !Merci \u00e0 Chess.com de m\u2019avoir autoris\u00e9 \u00e0 utiliser leurs images ! R\u00e8glement du jeu\u00a0d\u00e9pos\u00e9 en l&#039;\u00c9tude\u00a0OFFICIALIS\u00a0- Commissaires de justice.\u00a0\" \/>\n<meta property=\"og:url\" content=\"https:\/\/secretdestrier.com\/en\/product\/chasse-au-tresor-le-secret-du-destrier\/\" \/>\n<meta property=\"og:site_name\" content=\"Le Secret Du Destrier\" \/>\n<meta property=\"article:modified_time\" content=\"2026-04-15T05:00:01+00:00\" \/>\n<meta property=\"og:image\" content=\"https:\/\/secretdestrier.com\/wp-content\/uploads\/2025\/09\/OOPPP.jpg\" \/>\n\t<meta property=\"og:image:width\" content=\"634\" \/>\n\t<meta property=\"og:image:height\" content=\"741\" \/>\n\t<meta property=\"og:image:type\" content=\"image\/jpeg\" \/>\n<meta name=\"twitter:card\" content=\"summary_large_image\" \/>\n<script type=\"application\/ld+json\" class=\"yoast-schema-graph\">{\"@context\":\"https:\\\/\\\/schema.org\",\"@graph\":[{\"@type\":\"WebPage\",\"@id\":\"https:\\\/\\\/secretdestrier.com\\\/produit\\\/chasse-au-tresor-le-secret-du-destrier\\\/\",\"url\":\"https:\\\/\\\/secretdestrier.com\\\/produit\\\/chasse-au-tresor-le-secret-du-destrier\\\/\",\"name\":\"CHASSE AU TRESOR \u00ab LE SECRET DU DESTRIER \u00bb - Le Secret Du Destrier\",\"isPartOf\":{\"@id\":\"https:\\\/\\\/secretdestrier.com\\\/#website\"},\"primaryImageOfPage\":{\"@id\":\"https:\\\/\\\/secretdestrier.com\\\/produit\\\/chasse-au-tresor-le-secret-du-destrier\\\/#primaryimage\"},\"image\":{\"@id\":\"https:\\\/\\\/secretdestrier.com\\\/produit\\\/chasse-au-tresor-le-secret-du-destrier\\\/#primaryimage\"},\"thumbnailUrl\":\"https:\\\/\\\/secretdestrier.com\\\/wp-content\\\/uploads\\\/2025\\\/09\\\/OOPPP.jpg\",\"datePublished\":\"2025-02-24T10:35:10+00:00\",\"dateModified\":\"2026-04-15T05:00:01+00:00\",\"breadcrumb\":{\"@id\":\"https:\\\/\\\/secretdestrier.com\\\/produit\\\/chasse-au-tresor-le-secret-du-destrier\\\/#breadcrumb\"},\"inLanguage\":\"en-GB\",\"potentialAction\":[{\"@type\":\"ReadAction\",\"target\":[\"https:\\\/\\\/secretdestrier.com\\\/produit\\\/chasse-au-tresor-le-secret-du-destrier\\\/\"]}]},{\"@type\":\"ImageObject\",\"inLanguage\":\"en-GB\",\"@id\":\"https:\\\/\\\/secretdestrier.com\\\/produit\\\/chasse-au-tresor-le-secret-du-destrier\\\/#primaryimage\",\"url\":\"https:\\\/\\\/secretdestrier.com\\\/wp-content\\\/uploads\\\/2025\\\/09\\\/OOPPP.jpg\",\"contentUrl\":\"https:\\\/\\\/secretdestrier.com\\\/wp-content\\\/uploads\\\/2025\\\/09\\\/OOPPP.jpg\",\"width\":634,\"height\":741},{\"@type\":\"BreadcrumbList\",\"@id\":\"https:\\\/\\\/secretdestrier.com\\\/produit\\\/chasse-au-tresor-le-secret-du-destrier\\\/#breadcrumb\",\"itemListElement\":[{\"@type\":\"ListItem\",\"position\":1,\"name\":\"Accueil\",\"item\":\"https:\\\/\\\/secretdestrier.com\\\/\"},{\"@type\":\"ListItem\",\"position\":2,\"name\":\"Boutique\",\"item\":\"https:\\\/\\\/secretdestrier.com\\\/?page_id=305\"},{\"@type\":\"ListItem\",\"position\":3,\"name\":\"CHASSE AU TRESOR \u00ab LE SECRET DU DESTRIER \u00bb\"}]},{\"@type\":\"WebSite\",\"@id\":\"https:\\\/\\\/secretdestrier.com\\\/#website\",\"url\":\"https:\\\/\\\/secretdestrier.com\\\/\",\"name\":\"Le Secret Du Destrier\",\"description\":\"Une chasse au tr\u00e9sor unique\",\"publisher\":{\"@id\":\"https:\\\/\\\/secretdestrier.com\\\/#organization\"},\"potentialAction\":[{\"@type\":\"SearchAction\",\"target\":{\"@type\":\"EntryPoint\",\"urlTemplate\":\"https:\\\/\\\/secretdestrier.com\\\/?s={search_term_string}\"},\"query-input\":{\"@type\":\"PropertyValueSpecification\",\"valueRequired\":true,\"valueName\":\"search_term_string\"}}],\"inLanguage\":\"en-GB\"},{\"@type\":\"Organization\",\"@id\":\"https:\\\/\\\/secretdestrier.com\\\/#organization\",\"name\":\"Le Secret Du Destrier\",\"url\":\"https:\\\/\\\/secretdestrier.com\\\/\",\"logo\":{\"@type\":\"ImageObject\",\"inLanguage\":\"en-GB\",\"@id\":\"https:\\\/\\\/secretdestrier.com\\\/#\\\/schema\\\/logo\\\/image\\\/\",\"url\":\"http:\\\/\\\/secretdestrier.com\\\/wp-content\\\/uploads\\\/2025\\\/04\\\/Image1.jpg\",\"contentUrl\":\"http:\\\/\\\/secretdestrier.com\\\/wp-content\\\/uploads\\\/2025\\\/04\\\/Image1.jpg\",\"width\":528,\"height\":404,\"caption\":\"Le Secret Du Destrier\"},\"image\":{\"@id\":\"https:\\\/\\\/secretdestrier.com\\\/#\\\/schema\\\/logo\\\/image\\\/\"},\"sameAs\":[\"https:\\\/\\\/discord.gg\\\/mSw2FA3JkE\"]}]}<\/script>\n<!-- \/ Yoast SEO plugin. -->","yoast_head_json":{"title":"CHASSE AU TRESOR \u00ab LE SECRET DU DESTRIER \u00bb - Le Secret Du Destrier","robots":{"index":"index","follow":"follow","max-snippet":"max-snippet:-1","max-image-preview":"max-image-preview:large","max-video-preview":"max-video-preview:-1"},"canonical":"https:\/\/secretdestrier.com\/en\/product\/chasse-au-tresor-le-secret-du-destrier\/","og_locale":"en_GB","og_type":"article","og_title":"CHASSE AU TRESOR \u00ab LE SECRET DU DESTRIER \u00bb - Le Secret Du Destrier","og_description":"Le compte \u00e0 rebours est lanc\u00e9 ! Un livre de 7 \u00e9nigmes &amp; tentez de remporter 20 000 \u20ac en or ! Gagnez depuis chez vous, en\u00a0envoyant votre solution \u00e0 l\u2019auteur du jeu. (D\u00e9terrer le coffre est optionnel )\u00a0 Bonus : Trois \u00e9nigmes exclusives offertes d\u00e8s maintenant\u00a0par mail\u00a0en pr\u00e9commandant la chasse au tr\u00e9sor : un avant-go\u00fbt du myst\u00e8re !Rejoignez l\u2019aventure d\u00e8s aujourd'hui et ne manquez pas de prendre de l\u2019avance !Merci \u00e0 Chess.com de m\u2019avoir autoris\u00e9 \u00e0 utiliser leurs images ! R\u00e8glement du jeu\u00a0d\u00e9pos\u00e9 en l'\u00c9tude\u00a0OFFICIALIS\u00a0- Commissaires de justice.\u00a0","og_url":"https:\/\/secretdestrier.com\/en\/product\/chasse-au-tresor-le-secret-du-destrier\/","og_site_name":"Le Secret Du Destrier","article_modified_time":"2026-04-15T05:00:01+00:00","og_image":[{"width":634,"height":741,"url":"https:\/\/secretdestrier.com\/wp-content\/uploads\/2025\/09\/OOPPP.jpg","type":"image\/jpeg"}],"twitter_card":"summary_large_image","schema":{"@context":"https:\/\/schema.org","@graph":[{"@type":"WebPage","@id":"https:\/\/secretdestrier.com\/produit\/chasse-au-tresor-le-secret-du-destrier\/","url":"https:\/\/secretdestrier.com\/produit\/chasse-au-tresor-le-secret-du-destrier\/","name":"CHASSE AU TRESOR \u00ab LE SECRET DU DESTRIER \u00bb - Le Secret Du Destrier","isPartOf":{"@id":"https:\/\/secretdestrier.com\/#website"},"primaryImageOfPage":{"@id":"https:\/\/secretdestrier.com\/produit\/chasse-au-tresor-le-secret-du-destrier\/#primaryimage"},"image":{"@id":"https:\/\/secretdestrier.com\/produit\/chasse-au-tresor-le-secret-du-destrier\/#primaryimage"},"thumbnailUrl":"https:\/\/secretdestrier.com\/wp-content\/uploads\/2025\/09\/OOPPP.jpg","datePublished":"2025-02-24T10:35:10+00:00","dateModified":"2026-04-15T05:00:01+00:00","breadcrumb":{"@id":"https:\/\/secretdestrier.com\/produit\/chasse-au-tresor-le-secret-du-destrier\/#breadcrumb"},"inLanguage":"en-GB","potentialAction":[{"@type":"ReadAction","target":["https:\/\/secretdestrier.com\/produit\/chasse-au-tresor-le-secret-du-destrier\/"]}]},{"@type":"ImageObject","inLanguage":"en-GB","@id":"https:\/\/secretdestrier.com\/produit\/chasse-au-tresor-le-secret-du-destrier\/#primaryimage","url":"https:\/\/secretdestrier.com\/wp-content\/uploads\/2025\/09\/OOPPP.jpg","contentUrl":"https:\/\/secretdestrier.com\/wp-content\/uploads\/2025\/09\/OOPPP.jpg","width":634,"height":741},{"@type":"BreadcrumbList","@id":"https:\/\/secretdestrier.com\/produit\/chasse-au-tresor-le-secret-du-destrier\/#breadcrumb","itemListElement":[{"@type":"ListItem","position":1,"name":"Accueil","item":"https:\/\/secretdestrier.com\/"},{"@type":"ListItem","position":2,"name":"Boutique","item":"https:\/\/secretdestrier.com\/?page_id=305"},{"@type":"ListItem","position":3,"name":"CHASSE AU TRESOR \u00ab LE SECRET DU DESTRIER \u00bb"}]},{"@type":"WebSite","@id":"https:\/\/secretdestrier.com\/#website","url":"https:\/\/secretdestrier.com\/","name":"Le Secret Du Destrier","description":"A unique treasure hunt","publisher":{"@id":"https:\/\/secretdestrier.com\/#organization"},"potentialAction":[{"@type":"SearchAction","target":{"@type":"EntryPoint","urlTemplate":"https:\/\/secretdestrier.com\/?s={search_term_string}"},"query-input":{"@type":"PropertyValueSpecification","valueRequired":true,"valueName":"search_term_string"}}],"inLanguage":"en-GB"},{"@type":"Organization","@id":"https:\/\/secretdestrier.com\/#organization","name":"Le Secret Du Destrier","url":"https:\/\/secretdestrier.com\/","logo":{"@type":"ImageObject","inLanguage":"en-GB","@id":"https:\/\/secretdestrier.com\/#\/schema\/logo\/image\/","url":"http:\/\/secretdestrier.com\/wp-content\/uploads\/2025\/04\/Image1.jpg","contentUrl":"http:\/\/secretdestrier.com\/wp-content\/uploads\/2025\/04\/Image1.jpg","width":528,"height":404,"caption":"Le Secret Du Destrier"},"image":{"@id":"https:\/\/secretdestrier.com\/#\/schema\/logo\/image\/"},"sameAs":["https:\/\/discord.gg\/mSw2FA3JkE"]}]}},"_links":{"self":[{"href":"https:\/\/secretdestrier.com\/en\/wp-json\/wp\/v2\/product\/358","targetHints":{"allow":["GET"]}}],"collection":[{"href":"https:\/\/secretdestrier.com\/en\/wp-json\/wp\/v2\/product"}],"about":[{"href":"https:\/\/secretdestrier.com\/en\/wp-json\/wp\/v2\/types\/product"}],"wp:featuredmedia":[{"embeddable":true,"href":"https:\/\/secretdestrier.com\/en\/wp-json\/wp\/v2\/media\/1064"}],"wp:attachment":[{"href":"https:\/\/secretdestrier.com\/en\/wp-json\/wp\/v2\/media?parent=358"}],"wp:term":[{"taxonomy":"product_brand","embeddable":true,"href":"https:\/\/secretdestrier.com\/en\/wp-json\/wp\/v2\/product_brand?post=358"},{"taxonomy":"product_cat","embeddable":true,"href":"https:\/\/secretdestrier.com\/en\/wp-json\/wp\/v2\/product_cat?post=358"},{"taxonomy":"product_tag","embeddable":true,"href":"https:\/\/secretdestrier.com\/en\/wp-json\/wp\/v2\/product_tag?post=358"}],"curies":[{"name":"wp","href":"https:\/\/api.w.org\/{rel}","templated":true}]}}