{"id":249,"date":"2025-02-17T16:04:23","date_gmt":"2025-02-17T15:04:23","guid":{"rendered":"https:\/\/secretdestrier.com\/?page_id=249"},"modified":"2025-03-15T21:23:31","modified_gmt":"2025-03-15T20:23:31","slug":"conditions-generales-dutilisation","status":"publish","type":"page","link":"https:\/\/secretdestrier.com\/en\/conditions-generales-dutilisation\/","title":{"rendered":"General Terms of Use"},"content":{"rendered":"<h2 class=\"wp-block-heading\"><strong>Preamble:<\/strong><\/h2>\n\n\n\n<p>These General Terms of Use (hereinafter referred to as the \"General Terms of Use\") describe the terms and conditions under which the company SAGACITAS (refer to the legal notice) provides the sale of the treasure hunt \"Le Secret Du Destrier\".<\/p>\n\n\n\n<h2 class=\"wp-block-heading\"><strong>Acceptance of the General Terms of Use:<\/strong><\/h2>\n\n\n\n<p>By accessing the website <a href=\"https:\/\/secretdestrier.com\/en\/\">https:\/\/secretdestrier.com<\/a> , you agree to comply with these General Terms of Use, which may be freely modified at any time. Therefore, you are advised to regularly refer to the latest version of the General Terms of Use, which are permanently available on the website. <br>Any person browsing the website <a href=\"https:\/\/secretdestrier.com\/en\/\">https:\/\/secretdestrier.com<\/a> is considered a \"User\" under these General Terms of Use and is, therefore, subject to compliance with them.<\/p>\n\n\n\n<p>Our services are reserved for persons who are legally capable of entering into contracts under French law. Our services are not available to minors under the age of 18, except under the authority and express supervision of their parents or legal guardian.<\/p>\n\n\n\n<h2 class=\"wp-block-heading\"><strong>Intellectual Property:<\/strong><\/h2>\n\n\n\n<p>The general structure of the website <a href=\"https:\/\/secretdudestrier.com\/\">https:\/\/secretdestrier.com<\/a> , as well as the texts, graphics, images, sounds, and videos composing it, are the property of the publisher or its partners. Any representation, reproduction, or exploitation, in whole or in part, of the content and services offered by the website, by any means whatsoever, without the prior written authorization of the company SAGACITAS and\/or its partners, is strictly prohibited and may constitute an infringement under Articles L 335-2 and following of the French Intellectual Property Code.<\/p>\n\n\n\n<h2 class=\"wp-block-heading\"><strong>Access to the Website:<\/strong><\/h2>\n\n\n\n<p><a href=\"https:\/\/secretdestrier.com\/en\/\">https:\/\/secretdestrier.com<\/a> strives to ensure access to the website 24 hours a day, 7 days a week, except in cases of force majeure or an event beyond its control, and subject to possible failures and necessary maintenance interventions for the proper functioning of the website and services. Therefore, <a href=\"https:\/\/secretdestrier.com\/en\/\">https:\/\/secretdestrier.com<\/a> cannot guarantee perfect availability of the website and\/or services, reliability of transmissions, or performance in terms of response time or quality.<\/p>\n\n\n\n<p>The publisher shall not be held liable in the event of the inability to access this website and\/or use the services.<\/p>\n\n\n\n<h2 class=\"wp-block-heading\"><strong>Modification of the Terms of Use:<\/strong><\/h2>\n\n\n\n<p><a href=\"https:\/\/secretdestrier.com\/en\/\">https:\/\/secretdestrier.com<\/a> reserves the right to modify these terms of use at any time and without notice to adapt them to changes in the website and\/or its operation. It is the responsibility of each user to consult them regularly.<\/p>\n\n\n\n<h2 class=\"wp-block-heading\"><strong>Applicable Law:<\/strong><\/h2>\n\n\n\n<p>Both this website and the terms and conditions of its use are governed by French law, regardless of the place of use. In the event of any dispute and after the failure of any attempt to find an amicable solution, French courts shall have sole jurisdiction to hear the case.\nFor any questions regarding these terms of use, you may contact us at the following email address:<br>contact@secretdestrier.com<\/p>","protected":false},"excerpt":{"rendered":"<p>Pr\u00e9ambule&nbsp;: Les pr\u00e9sentes conditions g\u00e9n\u00e9rales d&rsquo;utilisation (ci-apr\u00e8s les \u00ab\u00a0Conditions g\u00e9n\u00e9rales d&rsquo;Utilisation\u00a0\u00bb) d\u00e9crivent les termes et conditions selon lesquels la soci\u00e9t\u00e9 SAGACITAS (se reporter aux mentions l\u00e9gales) fournit la vente de la chasse au tr\u00e9sor \u00ab&nbsp;Le Secret Du Destrier \u00bb. Acceptation des Conditions G\u00e9n\u00e9rales d&rsquo;Utilisation&nbsp;: En vous connectant sur le site https:\/\/secretdestrier.com vous vous engagez \u00e0 [&hellip;]<\/p>\n","protected":false},"author":1,"featured_media":0,"parent":0,"menu_order":0,"comment_status":"closed","ping_status":"closed","template":"","meta":{"footnotes":""},"class_list":["post-249","page","type-page","status-publish","hentry"],"yoast_head":"<!-- This site is optimized with the Yoast SEO plugin v27.4 - https:\/\/yoast.com\/product\/yoast-seo-wordpress\/ -->\n<title>Conditions g\u00e9n\u00e9rales d&#039;utilisation - Le Secret Du Destrier<\/title>\n<meta name=\"robots\" content=\"index, follow, max-snippet:-1, max-image-preview:large, max-video-preview:-1\" \/>\n<link rel=\"canonical\" href=\"https:\/\/secretdestrier.com\/en\/conditions-generales-dutilisation\/\" \/>\n<meta property=\"og:locale\" content=\"en_GB\" \/>\n<meta property=\"og:type\" content=\"article\" \/>\n<meta property=\"og:title\" content=\"Conditions g\u00e9n\u00e9rales d&#039;utilisation - Le Secret Du Destrier\" \/>\n<meta property=\"og:description\" content=\"Pr\u00e9ambule&nbsp;: Les pr\u00e9sentes conditions g\u00e9n\u00e9rales d&rsquo;utilisation (ci-apr\u00e8s les \u00ab\u00a0Conditions g\u00e9n\u00e9rales d&rsquo;Utilisation\u00a0\u00bb) d\u00e9crivent les termes et conditions selon lesquels la soci\u00e9t\u00e9 SAGACITAS (se reporter aux mentions l\u00e9gales) fournit la vente de la chasse au tr\u00e9sor \u00ab&nbsp;Le Secret Du Destrier \u00bb. Acceptation des Conditions G\u00e9n\u00e9rales d&rsquo;Utilisation&nbsp;: En vous connectant sur le site https:\/\/secretdestrier.com vous vous engagez \u00e0 [&hellip;]\" \/>\n<meta property=\"og:url\" content=\"https:\/\/secretdestrier.com\/en\/conditions-generales-dutilisation\/\" \/>\n<meta property=\"og:site_name\" content=\"Le Secret Du Destrier\" \/>\n<meta property=\"article:modified_time\" content=\"2025-03-15T20:23:31+00:00\" \/>\n<meta property=\"og:image\" content=\"https:\/\/secretdestrier.com\/wp-content\/uploads\/2025\/06\/Screenshot-2025-06-05-at-02.27.23-1024x679.png\" \/>\n\t<meta property=\"og:image:width\" content=\"1024\" \/>\n\t<meta property=\"og:image:height\" content=\"679\" \/>\n\t<meta property=\"og:image:type\" content=\"image\/png\" \/>\n<meta name=\"twitter:card\" content=\"summary_large_image\" \/>\n<meta name=\"twitter:label1\" content=\"Estimated reading time\" \/>\n\t<meta name=\"twitter:data1\" content=\"3 minutes\" \/>\n<script type=\"application\/ld+json\" class=\"yoast-schema-graph\">{\"@context\":\"https:\\\/\\\/schema.org\",\"@graph\":[{\"@type\":\"WebPage\",\"@id\":\"https:\\\/\\\/secretdestrier.com\\\/conditions-generales-dutilisation\\\/\",\"url\":\"https:\\\/\\\/secretdestrier.com\\\/conditions-generales-dutilisation\\\/\",\"name\":\"Conditions g\u00e9n\u00e9rales d'utilisation - Le Secret Du Destrier\",\"isPartOf\":{\"@id\":\"https:\\\/\\\/secretdestrier.com\\\/#website\"},\"datePublished\":\"2025-02-17T15:04:23+00:00\",\"dateModified\":\"2025-03-15T20:23:31+00:00\",\"breadcrumb\":{\"@id\":\"https:\\\/\\\/secretdestrier.com\\\/conditions-generales-dutilisation\\\/#breadcrumb\"},\"inLanguage\":\"en-GB\",\"potentialAction\":[{\"@type\":\"ReadAction\",\"target\":[\"https:\\\/\\\/secretdestrier.com\\\/conditions-generales-dutilisation\\\/\"]}]},{\"@type\":\"BreadcrumbList\",\"@id\":\"https:\\\/\\\/secretdestrier.com\\\/conditions-generales-dutilisation\\\/#breadcrumb\",\"itemListElement\":[{\"@type\":\"ListItem\",\"position\":1,\"name\":\"Accueil\",\"item\":\"https:\\\/\\\/secretdestrier.com\\\/\"},{\"@type\":\"ListItem\",\"position\":2,\"name\":\"Conditions g\u00e9n\u00e9rales d&rsquo;utilisation\"}]},{\"@type\":\"WebSite\",\"@id\":\"https:\\\/\\\/secretdestrier.com\\\/#website\",\"url\":\"https:\\\/\\\/secretdestrier.com\\\/\",\"name\":\"Le Secret Du Destrier\",\"description\":\"Une chasse au tr\u00e9sor unique\",\"publisher\":{\"@id\":\"https:\\\/\\\/secretdestrier.com\\\/#organization\"},\"potentialAction\":[{\"@type\":\"SearchAction\",\"target\":{\"@type\":\"EntryPoint\",\"urlTemplate\":\"https:\\\/\\\/secretdestrier.com\\\/?s={search_term_string}\"},\"query-input\":{\"@type\":\"PropertyValueSpecification\",\"valueRequired\":true,\"valueName\":\"search_term_string\"}}],\"inLanguage\":\"en-GB\"},{\"@type\":\"Organization\",\"@id\":\"https:\\\/\\\/secretdestrier.com\\\/#organization\",\"name\":\"Le Secret Du Destrier\",\"url\":\"https:\\\/\\\/secretdestrier.com\\\/\",\"logo\":{\"@type\":\"ImageObject\",\"inLanguage\":\"en-GB\",\"@id\":\"https:\\\/\\\/secretdestrier.com\\\/#\\\/schema\\\/logo\\\/image\\\/\",\"url\":\"http:\\\/\\\/secretdestrier.com\\\/wp-content\\\/uploads\\\/2025\\\/04\\\/Image1.jpg\",\"contentUrl\":\"http:\\\/\\\/secretdestrier.com\\\/wp-content\\\/uploads\\\/2025\\\/04\\\/Image1.jpg\",\"width\":528,\"height\":404,\"caption\":\"Le Secret Du Destrier\"},\"image\":{\"@id\":\"https:\\\/\\\/secretdestrier.com\\\/#\\\/schema\\\/logo\\\/image\\\/\"},\"sameAs\":[\"https:\\\/\\\/discord.gg\\\/mSw2FA3JkE\"]}]}<\/script>\n<!-- \/ Yoast SEO plugin. -->","yoast_head_json":{"title":"Conditions g\u00e9n\u00e9rales d'utilisation - Le Secret Du Destrier","robots":{"index":"index","follow":"follow","max-snippet":"max-snippet:-1","max-image-preview":"max-image-preview:large","max-video-preview":"max-video-preview:-1"},"canonical":"https:\/\/secretdestrier.com\/en\/conditions-generales-dutilisation\/","og_locale":"en_GB","og_type":"article","og_title":"Conditions g\u00e9n\u00e9rales d'utilisation - Le Secret Du Destrier","og_description":"Pr\u00e9ambule&nbsp;: Les pr\u00e9sentes conditions g\u00e9n\u00e9rales d&rsquo;utilisation (ci-apr\u00e8s les \u00ab\u00a0Conditions g\u00e9n\u00e9rales d&rsquo;Utilisation\u00a0\u00bb) d\u00e9crivent les termes et conditions selon lesquels la soci\u00e9t\u00e9 SAGACITAS (se reporter aux mentions l\u00e9gales) fournit la vente de la chasse au tr\u00e9sor \u00ab&nbsp;Le Secret Du Destrier \u00bb. Acceptation des Conditions G\u00e9n\u00e9rales d&rsquo;Utilisation&nbsp;: En vous connectant sur le site https:\/\/secretdestrier.com vous vous engagez \u00e0 [&hellip;]","og_url":"https:\/\/secretdestrier.com\/en\/conditions-generales-dutilisation\/","og_site_name":"Le Secret Du Destrier","article_modified_time":"2025-03-15T20:23:31+00:00","og_image":[{"width":1024,"height":679,"url":"https:\/\/secretdestrier.com\/wp-content\/uploads\/2025\/06\/Screenshot-2025-06-05-at-02.27.23-1024x679.png","type":"image\/png"}],"twitter_card":"summary_large_image","twitter_misc":{"Estimated reading time":"3 minutes"},"schema":{"@context":"https:\/\/schema.org","@graph":[{"@type":"WebPage","@id":"https:\/\/secretdestrier.com\/conditions-generales-dutilisation\/","url":"https:\/\/secretdestrier.com\/conditions-generales-dutilisation\/","name":"Conditions g\u00e9n\u00e9rales d'utilisation - Le Secret Du Destrier","isPartOf":{"@id":"https:\/\/secretdestrier.com\/#website"},"datePublished":"2025-02-17T15:04:23+00:00","dateModified":"2025-03-15T20:23:31+00:00","breadcrumb":{"@id":"https:\/\/secretdestrier.com\/conditions-generales-dutilisation\/#breadcrumb"},"inLanguage":"en-GB","potentialAction":[{"@type":"ReadAction","target":["https:\/\/secretdestrier.com\/conditions-generales-dutilisation\/"]}]},{"@type":"BreadcrumbList","@id":"https:\/\/secretdestrier.com\/conditions-generales-dutilisation\/#breadcrumb","itemListElement":[{"@type":"ListItem","position":1,"name":"Accueil","item":"https:\/\/secretdestrier.com\/"},{"@type":"ListItem","position":2,"name":"Conditions g\u00e9n\u00e9rales d&rsquo;utilisation"}]},{"@type":"WebSite","@id":"https:\/\/secretdestrier.com\/#website","url":"https:\/\/secretdestrier.com\/","name":"Le Secret Du Destrier","description":"A unique treasure hunt","publisher":{"@id":"https:\/\/secretdestrier.com\/#organization"},"potentialAction":[{"@type":"SearchAction","target":{"@type":"EntryPoint","urlTemplate":"https:\/\/secretdestrier.com\/?s={search_term_string}"},"query-input":{"@type":"PropertyValueSpecification","valueRequired":true,"valueName":"search_term_string"}}],"inLanguage":"en-GB"},{"@type":"Organization","@id":"https:\/\/secretdestrier.com\/#organization","name":"Le Secret Du Destrier","url":"https:\/\/secretdestrier.com\/","logo":{"@type":"ImageObject","inLanguage":"en-GB","@id":"https:\/\/secretdestrier.com\/#\/schema\/logo\/image\/","url":"http:\/\/secretdestrier.com\/wp-content\/uploads\/2025\/04\/Image1.jpg","contentUrl":"http:\/\/secretdestrier.com\/wp-content\/uploads\/2025\/04\/Image1.jpg","width":528,"height":404,"caption":"Le Secret Du Destrier"},"image":{"@id":"https:\/\/secretdestrier.com\/#\/schema\/logo\/image\/"},"sameAs":["https:\/\/discord.gg\/mSw2FA3JkE"]}]}},"_links":{"self":[{"href":"https:\/\/secretdestrier.com\/en\/wp-json\/wp\/v2\/pages\/249","targetHints":{"allow":["GET"]}}],"collection":[{"href":"https:\/\/secretdestrier.com\/en\/wp-json\/wp\/v2\/pages"}],"about":[{"href":"https:\/\/secretdestrier.com\/en\/wp-json\/wp\/v2\/types\/page"}],"author":[{"embeddable":true,"href":"https:\/\/secretdestrier.com\/en\/wp-json\/wp\/v2\/users\/1"}],"replies":[{"embeddable":true,"href":"https:\/\/secretdestrier.com\/en\/wp-json\/wp\/v2\/comments?post=249"}],"version-history":[{"count":4,"href":"https:\/\/secretdestrier.com\/en\/wp-json\/wp\/v2\/pages\/249\/revisions"}],"predecessor-version":[{"id":553,"href":"https:\/\/secretdestrier.com\/en\/wp-json\/wp\/v2\/pages\/249\/revisions\/553"}],"wp:attachment":[{"href":"https:\/\/secretdestrier.com\/en\/wp-json\/wp\/v2\/media?parent=249"}],"curies":[{"name":"wp","href":"https:\/\/api.w.org\/{rel}","templated":true}]}}