{"id":235,"date":"2025-02-17T15:56:11","date_gmt":"2025-02-17T14:56:11","guid":{"rendered":"https:\/\/secretdestrier.com\/?page_id=235"},"modified":"2025-09-18T22:36:47","modified_gmt":"2025-09-18T20:36:47","slug":"mentions-legales","status":"publish","type":"page","link":"https:\/\/secretdestrier.com\/en\/mentions-legales\/","title":{"rendered":"Legal Notices"},"content":{"rendered":"<h2 class=\"wp-block-heading\"><strong>Publisher:<\/strong><\/h2>\n\n\n\n<p><strong>Company:<\/strong> SAGACITAS,<\/p>\n\n\n\n<p><strong>Address: <\/strong>2 Rue Coysevox, 69001, Lyon, France<\/p>\n\n\n\n<p><strong>Contact:<\/strong> contact@secretdestrier.com<\/p>\n\n\n\n<p>R.C.S <strong>Lyon 942 048 042<\/strong><\/p>\n\n\n\n<h2 class=\"wp-block-heading\"><strong>Host:<\/strong><\/h2>\n\n\n\n<p><strong>Name:<\/strong> OVHcloud<br><strong>Company name:<\/strong> OVH Groupe SAS&nbsp;<br><strong>Head office:<\/strong> 2 rue Kellermann - 59100 Roubaix - France&nbsp;<\/p>\n\n\n\n<h2 class=\"wp-block-heading\"><strong>Description of the service provided:<\/strong><\/h2>\n\n\n\n<p>The website <a href=\"https:\/\/secretdestrier.com\/en\/\">https:\/\/secretdestrier.com<\/a> est un site de mise en vente de la chasse au tr\u00e9sor&nbsp;: \u00ab&nbsp;Le Secret Du Destrier \u00bb.<\/p>\n\n\n\n<p><\/p>","protected":false},"excerpt":{"rendered":"<p>Editeur : Soci\u00e9t\u00e9 : SAGACITAS Adresse : 2 Rue Coysevox, 69001, Lyon, France Contact : contact@secretdestrier.com R.C.S Lyon 942 048 042 H\u00e9bergeur : Nom&nbsp;: OVHcloudRaison sociale&nbsp;: OVH Groupe SAS&nbsp;Si\u00e8ge Social : 2 rue Kellermann &#8211; 59100 Roubaix &#8211; France&nbsp; Description du service fourni : Le site https:\/\/secretdestrier.com est un site de mise en vente de [&hellip;]<\/p>\n","protected":false},"author":1,"featured_media":0,"parent":0,"menu_order":0,"comment_status":"closed","ping_status":"closed","template":"","meta":{"footnotes":""},"class_list":["post-235","page","type-page","status-publish","hentry"],"yoast_head":"<!-- This site is optimized with the Yoast SEO plugin v27.4 - https:\/\/yoast.com\/product\/yoast-seo-wordpress\/ -->\n<title>Mentions l\u00e9gales - Le Secret Du Destrier<\/title>\n<meta name=\"robots\" content=\"index, follow, max-snippet:-1, max-image-preview:large, max-video-preview:-1\" \/>\n<link rel=\"canonical\" href=\"https:\/\/secretdestrier.com\/en\/mentions-legales\/\" \/>\n<meta property=\"og:locale\" content=\"en_GB\" \/>\n<meta property=\"og:type\" content=\"article\" \/>\n<meta property=\"og:title\" content=\"Mentions l\u00e9gales - Le Secret Du Destrier\" \/>\n<meta property=\"og:description\" content=\"Editeur : Soci\u00e9t\u00e9 : SAGACITAS Adresse : 2 Rue Coysevox, 69001, Lyon, France Contact : contact@secretdestrier.com R.C.S Lyon 942 048 042 H\u00e9bergeur : Nom&nbsp;: OVHcloudRaison sociale&nbsp;: OVH Groupe SAS&nbsp;Si\u00e8ge Social : 2 rue Kellermann &#8211; 59100 Roubaix &#8211; France&nbsp; Description du service fourni : Le site https:\/\/secretdestrier.com est un site de mise en vente de [&hellip;]\" \/>\n<meta property=\"og:url\" content=\"https:\/\/secretdestrier.com\/en\/mentions-legales\/\" \/>\n<meta property=\"og:site_name\" content=\"Le Secret Du Destrier\" \/>\n<meta property=\"article:modified_time\" content=\"2025-09-18T20:36:47+00:00\" \/>\n<meta property=\"og:image\" content=\"https:\/\/secretdestrier.com\/wp-content\/uploads\/2025\/06\/Screenshot-2025-06-05-at-02.27.23-1024x679.png\" \/>\n\t<meta property=\"og:image:width\" content=\"1024\" \/>\n\t<meta property=\"og:image:height\" content=\"679\" \/>\n\t<meta property=\"og:image:type\" content=\"image\/png\" \/>\n<meta name=\"twitter:card\" content=\"summary_large_image\" \/>\n<meta name=\"twitter:label1\" content=\"Estimated reading time\" \/>\n\t<meta name=\"twitter:data1\" content=\"1 minute\" \/>\n<script type=\"application\/ld+json\" class=\"yoast-schema-graph\">{\"@context\":\"https:\\\/\\\/schema.org\",\"@graph\":[{\"@type\":\"WebPage\",\"@id\":\"https:\\\/\\\/secretdestrier.com\\\/mentions-legales\\\/\",\"url\":\"https:\\\/\\\/secretdestrier.com\\\/mentions-legales\\\/\",\"name\":\"Mentions l\u00e9gales - Le Secret Du Destrier\",\"isPartOf\":{\"@id\":\"https:\\\/\\\/secretdestrier.com\\\/#website\"},\"datePublished\":\"2025-02-17T14:56:11+00:00\",\"dateModified\":\"2025-09-18T20:36:47+00:00\",\"breadcrumb\":{\"@id\":\"https:\\\/\\\/secretdestrier.com\\\/mentions-legales\\\/#breadcrumb\"},\"inLanguage\":\"en-GB\",\"potentialAction\":[{\"@type\":\"ReadAction\",\"target\":[\"https:\\\/\\\/secretdestrier.com\\\/mentions-legales\\\/\"]}]},{\"@type\":\"BreadcrumbList\",\"@id\":\"https:\\\/\\\/secretdestrier.com\\\/mentions-legales\\\/#breadcrumb\",\"itemListElement\":[{\"@type\":\"ListItem\",\"position\":1,\"name\":\"Accueil\",\"item\":\"https:\\\/\\\/secretdestrier.com\\\/\"},{\"@type\":\"ListItem\",\"position\":2,\"name\":\"Mentions l\u00e9gales\"}]},{\"@type\":\"WebSite\",\"@id\":\"https:\\\/\\\/secretdestrier.com\\\/#website\",\"url\":\"https:\\\/\\\/secretdestrier.com\\\/\",\"name\":\"Le Secret Du Destrier\",\"description\":\"Une chasse au tr\u00e9sor unique\",\"publisher\":{\"@id\":\"https:\\\/\\\/secretdestrier.com\\\/#organization\"},\"potentialAction\":[{\"@type\":\"SearchAction\",\"target\":{\"@type\":\"EntryPoint\",\"urlTemplate\":\"https:\\\/\\\/secretdestrier.com\\\/?s={search_term_string}\"},\"query-input\":{\"@type\":\"PropertyValueSpecification\",\"valueRequired\":true,\"valueName\":\"search_term_string\"}}],\"inLanguage\":\"en-GB\"},{\"@type\":\"Organization\",\"@id\":\"https:\\\/\\\/secretdestrier.com\\\/#organization\",\"name\":\"Le Secret Du Destrier\",\"url\":\"https:\\\/\\\/secretdestrier.com\\\/\",\"logo\":{\"@type\":\"ImageObject\",\"inLanguage\":\"en-GB\",\"@id\":\"https:\\\/\\\/secretdestrier.com\\\/#\\\/schema\\\/logo\\\/image\\\/\",\"url\":\"http:\\\/\\\/secretdestrier.com\\\/wp-content\\\/uploads\\\/2025\\\/04\\\/Image1.jpg\",\"contentUrl\":\"http:\\\/\\\/secretdestrier.com\\\/wp-content\\\/uploads\\\/2025\\\/04\\\/Image1.jpg\",\"width\":528,\"height\":404,\"caption\":\"Le Secret Du Destrier\"},\"image\":{\"@id\":\"https:\\\/\\\/secretdestrier.com\\\/#\\\/schema\\\/logo\\\/image\\\/\"},\"sameAs\":[\"https:\\\/\\\/discord.gg\\\/mSw2FA3JkE\"]}]}<\/script>\n<!-- \/ Yoast SEO plugin. -->","yoast_head_json":{"title":"Mentions l\u00e9gales - Le Secret Du Destrier","robots":{"index":"index","follow":"follow","max-snippet":"max-snippet:-1","max-image-preview":"max-image-preview:large","max-video-preview":"max-video-preview:-1"},"canonical":"https:\/\/secretdestrier.com\/en\/mentions-legales\/","og_locale":"en_GB","og_type":"article","og_title":"Mentions l\u00e9gales - Le Secret Du Destrier","og_description":"Editeur : Soci\u00e9t\u00e9 : SAGACITAS Adresse : 2 Rue Coysevox, 69001, Lyon, France Contact : contact@secretdestrier.com R.C.S Lyon 942 048 042 H\u00e9bergeur : Nom&nbsp;: OVHcloudRaison sociale&nbsp;: OVH Groupe SAS&nbsp;Si\u00e8ge Social : 2 rue Kellermann &#8211; 59100 Roubaix &#8211; France&nbsp; Description du service fourni : Le site https:\/\/secretdestrier.com est un site de mise en vente de [&hellip;]","og_url":"https:\/\/secretdestrier.com\/en\/mentions-legales\/","og_site_name":"Le Secret Du Destrier","article_modified_time":"2025-09-18T20:36:47+00:00","og_image":[{"width":1024,"height":679,"url":"https:\/\/secretdestrier.com\/wp-content\/uploads\/2025\/06\/Screenshot-2025-06-05-at-02.27.23-1024x679.png","type":"image\/png"}],"twitter_card":"summary_large_image","twitter_misc":{"Estimated reading time":"1 minute"},"schema":{"@context":"https:\/\/schema.org","@graph":[{"@type":"WebPage","@id":"https:\/\/secretdestrier.com\/mentions-legales\/","url":"https:\/\/secretdestrier.com\/mentions-legales\/","name":"Mentions l\u00e9gales - Le Secret Du Destrier","isPartOf":{"@id":"https:\/\/secretdestrier.com\/#website"},"datePublished":"2025-02-17T14:56:11+00:00","dateModified":"2025-09-18T20:36:47+00:00","breadcrumb":{"@id":"https:\/\/secretdestrier.com\/mentions-legales\/#breadcrumb"},"inLanguage":"en-GB","potentialAction":[{"@type":"ReadAction","target":["https:\/\/secretdestrier.com\/mentions-legales\/"]}]},{"@type":"BreadcrumbList","@id":"https:\/\/secretdestrier.com\/mentions-legales\/#breadcrumb","itemListElement":[{"@type":"ListItem","position":1,"name":"Accueil","item":"https:\/\/secretdestrier.com\/"},{"@type":"ListItem","position":2,"name":"Mentions l\u00e9gales"}]},{"@type":"WebSite","@id":"https:\/\/secretdestrier.com\/#website","url":"https:\/\/secretdestrier.com\/","name":"Le Secret Du Destrier","description":"A unique treasure hunt","publisher":{"@id":"https:\/\/secretdestrier.com\/#organization"},"potentialAction":[{"@type":"SearchAction","target":{"@type":"EntryPoint","urlTemplate":"https:\/\/secretdestrier.com\/?s={search_term_string}"},"query-input":{"@type":"PropertyValueSpecification","valueRequired":true,"valueName":"search_term_string"}}],"inLanguage":"en-GB"},{"@type":"Organization","@id":"https:\/\/secretdestrier.com\/#organization","name":"Le Secret Du Destrier","url":"https:\/\/secretdestrier.com\/","logo":{"@type":"ImageObject","inLanguage":"en-GB","@id":"https:\/\/secretdestrier.com\/#\/schema\/logo\/image\/","url":"http:\/\/secretdestrier.com\/wp-content\/uploads\/2025\/04\/Image1.jpg","contentUrl":"http:\/\/secretdestrier.com\/wp-content\/uploads\/2025\/04\/Image1.jpg","width":528,"height":404,"caption":"Le Secret Du Destrier"},"image":{"@id":"https:\/\/secretdestrier.com\/#\/schema\/logo\/image\/"},"sameAs":["https:\/\/discord.gg\/mSw2FA3JkE"]}]}},"_links":{"self":[{"href":"https:\/\/secretdestrier.com\/en\/wp-json\/wp\/v2\/pages\/235","targetHints":{"allow":["GET"]}}],"collection":[{"href":"https:\/\/secretdestrier.com\/en\/wp-json\/wp\/v2\/pages"}],"about":[{"href":"https:\/\/secretdestrier.com\/en\/wp-json\/wp\/v2\/types\/page"}],"author":[{"embeddable":true,"href":"https:\/\/secretdestrier.com\/en\/wp-json\/wp\/v2\/users\/1"}],"replies":[{"embeddable":true,"href":"https:\/\/secretdestrier.com\/en\/wp-json\/wp\/v2\/comments?post=235"}],"version-history":[{"count":3,"href":"https:\/\/secretdestrier.com\/en\/wp-json\/wp\/v2\/pages\/235\/revisions"}],"predecessor-version":[{"id":1068,"href":"https:\/\/secretdestrier.com\/en\/wp-json\/wp\/v2\/pages\/235\/revisions\/1068"}],"wp:attachment":[{"href":"https:\/\/secretdestrier.com\/en\/wp-json\/wp\/v2\/media?parent=235"}],"curies":[{"name":"wp","href":"https:\/\/api.w.org\/{rel}","templated":true}]}}