{"id":232,"date":"2025-02-17T15:52:22","date_gmt":"2025-02-17T14:52:22","guid":{"rendered":"https:\/\/secretdestrier.com\/?page_id=232"},"modified":"2025-02-17T15:52:22","modified_gmt":"2025-02-17T14:52:22","slug":"politique-de-confidentialite","status":"publish","type":"page","link":"https:\/\/secretdestrier.com\/en\/politique-de-confidentialite\/","title":{"rendered":"Privacy policy"},"content":{"rendered":"<h2 class=\"wp-block-heading\"><strong>Data Collected by <\/strong>https:\/\/secretdestrier.com<\/h2>\n\n\n\n<p><strong>User Identification Information Collected<\/strong><\/p>\n\n\n\n<ul class=\"wp-block-list\">\n<li>Registration date;<\/li>\n\n\n\n<li>IP address at the time of registration;<\/li>\n\n\n\n<li>Email address;<\/li>\n\n\n\n<li>Password (encrypted);<\/li>\n\n\n\n<li>Google account ID in case of login via Google.<\/li>\n<\/ul>\n\n\n\n<p><strong>Order-Related Information<\/strong><\/p>\n\n\n\n<ul class=\"wp-block-list\">\n<li>Billing details (first name, last name, address, email);<\/li>\n\n\n\n<li>Ordered product;<\/li>\n\n\n\n<li>Order price.<\/li>\n<\/ul>\n\n\n\n<p><strong>Purpose of Personal Data Collection:<\/strong><\/p>\n\n\n\n<ul class=\"wp-block-list\">\n<li>For site registration;<\/li>\n\n\n\n<li>For billing purposes.<\/li>\n<\/ul>\n\n\n\n<p><strong>Sharing of User Personal Data<\/strong><\/p>\n\n\n\n<p><a href=\"https:\/\/secretdudestrier.com\/\">https:\/\/secretdestrier.com<\/a> may share collected data with:<\/p>\n\n\n\n<ul class=\"wp-block-list\">\n<li>Public authorities (Police, Justice, Tax Services, Social Services, etc.) upon official request and within the limits of applicable legal procedures in France.<\/li>\n<\/ul>\n\n\n\n<p><a href=\"https:\/\/secretdudestrier.com\/\">https:\/\/secretdestrier.com<\/a> does not provide or sell user data to any other organization or company and does not have third-party processors handling user data.<\/p>\n\n\n\n<h2 class=\"wp-block-heading\">DATA RETENTION:<\/h2>\n\n\n\n<p>When you place an order through the Site, we retain your order information in our records unless and until you request its deletion.<\/p>\n\n\n\n<p><strong>User Rights:<\/strong><\/p>\n\n\n\n<p>If you are a resident of the European Union, you have the right to access the personal information we hold about you and may request its correction, update, or deletion.<\/p>\n\n\n\n<p>If you wish to exercise this right, please contact us using the contact details provided below.\nAdditionally, if you are a European resident, note that we process your information to:\nFulfill our contractual obligations towards you (for example, when you place an order on the Site); \nPursue our legitimate business interests, as outlined above.<\/p>\n\n\n\n<h2 class=\"wp-block-heading\">CONTACT US:<\/h2>\n\n\n\n<p>For more information about our privacy practices, if you have any questions, or if you wish to file a complaint, please contact us by email at:\ncontact@secretdestrier.com<\/p>\n\n\n\n<p><\/p>","protected":false},"excerpt":{"rendered":"<p>Donn\u00e9es r\u00e9colt\u00e9es par https:\/\/secretdestrier.com Informations relatives \u00e0 l&rsquo;identification de l&rsquo;Utilisateur du service Informations relatives \u00e0 une commande d&rsquo;un produit Objectif des donn\u00e9es personnelles collect\u00e9es : Communication des donn\u00e9es personnelles de l&rsquo;Utilisateur : https:\/\/secretdestrier.com est susceptible de partager les donn\u00e9es collect\u00e9es avec : https:\/\/secretdestrier.com ne fournit ni ne vend les donn\u00e9es de ses Utilisateurs \u00e0 aucun [&hellip;]<\/p>\n","protected":false},"author":1,"featured_media":0,"parent":0,"menu_order":0,"comment_status":"closed","ping_status":"closed","template":"","meta":{"footnotes":""},"class_list":["post-232","page","type-page","status-publish","hentry"],"yoast_head":"<!-- This site is optimized with the Yoast SEO plugin v27.4 - https:\/\/yoast.com\/product\/yoast-seo-wordpress\/ -->\n<title>Politique de confidentialit\u00e9 - Le Secret Du Destrier<\/title>\n<meta name=\"robots\" content=\"index, follow, max-snippet:-1, max-image-preview:large, max-video-preview:-1\" \/>\n<link rel=\"canonical\" href=\"https:\/\/secretdestrier.com\/en\/politique-de-confidentialite\/\" \/>\n<meta property=\"og:locale\" content=\"en_GB\" \/>\n<meta property=\"og:type\" content=\"article\" \/>\n<meta property=\"og:title\" content=\"Politique de confidentialit\u00e9 - Le Secret Du Destrier\" \/>\n<meta property=\"og:description\" content=\"Donn\u00e9es r\u00e9colt\u00e9es par https:\/\/secretdestrier.com Informations relatives \u00e0 l&rsquo;identification de l&rsquo;Utilisateur du service Informations relatives \u00e0 une commande d&rsquo;un produit Objectif des donn\u00e9es personnelles collect\u00e9es : Communication des donn\u00e9es personnelles de l&rsquo;Utilisateur : https:\/\/secretdestrier.com est susceptible de partager les donn\u00e9es collect\u00e9es avec : https:\/\/secretdestrier.com ne fournit ni ne vend les donn\u00e9es de ses Utilisateurs \u00e0 aucun [&hellip;]\" \/>\n<meta property=\"og:url\" content=\"https:\/\/secretdestrier.com\/en\/politique-de-confidentialite\/\" \/>\n<meta property=\"og:site_name\" content=\"Le Secret Du Destrier\" \/>\n<meta property=\"og:image\" content=\"https:\/\/secretdestrier.com\/wp-content\/uploads\/2025\/06\/Screenshot-2025-06-05-at-02.27.23-1024x679.png\" \/>\n\t<meta property=\"og:image:width\" content=\"1024\" \/>\n\t<meta property=\"og:image:height\" content=\"679\" \/>\n\t<meta property=\"og:image:type\" content=\"image\/png\" \/>\n<meta name=\"twitter:card\" content=\"summary_large_image\" \/>\n<meta name=\"twitter:label1\" content=\"Estimated reading time\" \/>\n\t<meta name=\"twitter:data1\" content=\"2 minutes\" \/>\n<script type=\"application\/ld+json\" class=\"yoast-schema-graph\">{\"@context\":\"https:\\\/\\\/schema.org\",\"@graph\":[{\"@type\":\"WebPage\",\"@id\":\"https:\\\/\\\/secretdestrier.com\\\/politique-de-confidentialite\\\/\",\"url\":\"https:\\\/\\\/secretdestrier.com\\\/politique-de-confidentialite\\\/\",\"name\":\"Politique de confidentialit\u00e9 - Le Secret Du Destrier\",\"isPartOf\":{\"@id\":\"https:\\\/\\\/secretdestrier.com\\\/#website\"},\"datePublished\":\"2025-02-17T14:52:22+00:00\",\"breadcrumb\":{\"@id\":\"https:\\\/\\\/secretdestrier.com\\\/politique-de-confidentialite\\\/#breadcrumb\"},\"inLanguage\":\"en-GB\",\"potentialAction\":[{\"@type\":\"ReadAction\",\"target\":[\"https:\\\/\\\/secretdestrier.com\\\/politique-de-confidentialite\\\/\"]}]},{\"@type\":\"BreadcrumbList\",\"@id\":\"https:\\\/\\\/secretdestrier.com\\\/politique-de-confidentialite\\\/#breadcrumb\",\"itemListElement\":[{\"@type\":\"ListItem\",\"position\":1,\"name\":\"Accueil\",\"item\":\"https:\\\/\\\/secretdestrier.com\\\/\"},{\"@type\":\"ListItem\",\"position\":2,\"name\":\"Politique de confidentialit\u00e9\"}]},{\"@type\":\"WebSite\",\"@id\":\"https:\\\/\\\/secretdestrier.com\\\/#website\",\"url\":\"https:\\\/\\\/secretdestrier.com\\\/\",\"name\":\"Le Secret Du Destrier\",\"description\":\"Une chasse au tr\u00e9sor unique\",\"publisher\":{\"@id\":\"https:\\\/\\\/secretdestrier.com\\\/#organization\"},\"potentialAction\":[{\"@type\":\"SearchAction\",\"target\":{\"@type\":\"EntryPoint\",\"urlTemplate\":\"https:\\\/\\\/secretdestrier.com\\\/?s={search_term_string}\"},\"query-input\":{\"@type\":\"PropertyValueSpecification\",\"valueRequired\":true,\"valueName\":\"search_term_string\"}}],\"inLanguage\":\"en-GB\"},{\"@type\":\"Organization\",\"@id\":\"https:\\\/\\\/secretdestrier.com\\\/#organization\",\"name\":\"Le Secret Du Destrier\",\"url\":\"https:\\\/\\\/secretdestrier.com\\\/\",\"logo\":{\"@type\":\"ImageObject\",\"inLanguage\":\"en-GB\",\"@id\":\"https:\\\/\\\/secretdestrier.com\\\/#\\\/schema\\\/logo\\\/image\\\/\",\"url\":\"http:\\\/\\\/secretdestrier.com\\\/wp-content\\\/uploads\\\/2025\\\/04\\\/Image1.jpg\",\"contentUrl\":\"http:\\\/\\\/secretdestrier.com\\\/wp-content\\\/uploads\\\/2025\\\/04\\\/Image1.jpg\",\"width\":528,\"height\":404,\"caption\":\"Le Secret Du Destrier\"},\"image\":{\"@id\":\"https:\\\/\\\/secretdestrier.com\\\/#\\\/schema\\\/logo\\\/image\\\/\"},\"sameAs\":[\"https:\\\/\\\/discord.gg\\\/mSw2FA3JkE\"]}]}<\/script>\n<!-- \/ Yoast SEO plugin. -->","yoast_head_json":{"title":"Politique de confidentialit\u00e9 - Le Secret Du Destrier","robots":{"index":"index","follow":"follow","max-snippet":"max-snippet:-1","max-image-preview":"max-image-preview:large","max-video-preview":"max-video-preview:-1"},"canonical":"https:\/\/secretdestrier.com\/en\/politique-de-confidentialite\/","og_locale":"en_GB","og_type":"article","og_title":"Politique de confidentialit\u00e9 - Le Secret Du Destrier","og_description":"Donn\u00e9es r\u00e9colt\u00e9es par https:\/\/secretdestrier.com Informations relatives \u00e0 l&rsquo;identification de l&rsquo;Utilisateur du service Informations relatives \u00e0 une commande d&rsquo;un produit Objectif des donn\u00e9es personnelles collect\u00e9es : Communication des donn\u00e9es personnelles de l&rsquo;Utilisateur : https:\/\/secretdestrier.com est susceptible de partager les donn\u00e9es collect\u00e9es avec : https:\/\/secretdestrier.com ne fournit ni ne vend les donn\u00e9es de ses Utilisateurs \u00e0 aucun [&hellip;]","og_url":"https:\/\/secretdestrier.com\/en\/politique-de-confidentialite\/","og_site_name":"Le Secret Du Destrier","og_image":[{"width":1024,"height":679,"url":"https:\/\/secretdestrier.com\/wp-content\/uploads\/2025\/06\/Screenshot-2025-06-05-at-02.27.23-1024x679.png","type":"image\/png"}],"twitter_card":"summary_large_image","twitter_misc":{"Estimated reading time":"2 minutes"},"schema":{"@context":"https:\/\/schema.org","@graph":[{"@type":"WebPage","@id":"https:\/\/secretdestrier.com\/politique-de-confidentialite\/","url":"https:\/\/secretdestrier.com\/politique-de-confidentialite\/","name":"Politique de confidentialit\u00e9 - Le Secret Du Destrier","isPartOf":{"@id":"https:\/\/secretdestrier.com\/#website"},"datePublished":"2025-02-17T14:52:22+00:00","breadcrumb":{"@id":"https:\/\/secretdestrier.com\/politique-de-confidentialite\/#breadcrumb"},"inLanguage":"en-GB","potentialAction":[{"@type":"ReadAction","target":["https:\/\/secretdestrier.com\/politique-de-confidentialite\/"]}]},{"@type":"BreadcrumbList","@id":"https:\/\/secretdestrier.com\/politique-de-confidentialite\/#breadcrumb","itemListElement":[{"@type":"ListItem","position":1,"name":"Accueil","item":"https:\/\/secretdestrier.com\/"},{"@type":"ListItem","position":2,"name":"Politique de confidentialit\u00e9"}]},{"@type":"WebSite","@id":"https:\/\/secretdestrier.com\/#website","url":"https:\/\/secretdestrier.com\/","name":"Le Secret Du Destrier","description":"A unique treasure hunt","publisher":{"@id":"https:\/\/secretdestrier.com\/#organization"},"potentialAction":[{"@type":"SearchAction","target":{"@type":"EntryPoint","urlTemplate":"https:\/\/secretdestrier.com\/?s={search_term_string}"},"query-input":{"@type":"PropertyValueSpecification","valueRequired":true,"valueName":"search_term_string"}}],"inLanguage":"en-GB"},{"@type":"Organization","@id":"https:\/\/secretdestrier.com\/#organization","name":"Le Secret Du Destrier","url":"https:\/\/secretdestrier.com\/","logo":{"@type":"ImageObject","inLanguage":"en-GB","@id":"https:\/\/secretdestrier.com\/#\/schema\/logo\/image\/","url":"http:\/\/secretdestrier.com\/wp-content\/uploads\/2025\/04\/Image1.jpg","contentUrl":"http:\/\/secretdestrier.com\/wp-content\/uploads\/2025\/04\/Image1.jpg","width":528,"height":404,"caption":"Le Secret Du Destrier"},"image":{"@id":"https:\/\/secretdestrier.com\/#\/schema\/logo\/image\/"},"sameAs":["https:\/\/discord.gg\/mSw2FA3JkE"]}]}},"_links":{"self":[{"href":"https:\/\/secretdestrier.com\/en\/wp-json\/wp\/v2\/pages\/232","targetHints":{"allow":["GET"]}}],"collection":[{"href":"https:\/\/secretdestrier.com\/en\/wp-json\/wp\/v2\/pages"}],"about":[{"href":"https:\/\/secretdestrier.com\/en\/wp-json\/wp\/v2\/types\/page"}],"author":[{"embeddable":true,"href":"https:\/\/secretdestrier.com\/en\/wp-json\/wp\/v2\/users\/1"}],"replies":[{"embeddable":true,"href":"https:\/\/secretdestrier.com\/en\/wp-json\/wp\/v2\/comments?post=232"}],"version-history":[{"count":1,"href":"https:\/\/secretdestrier.com\/en\/wp-json\/wp\/v2\/pages\/232\/revisions"}],"predecessor-version":[{"id":233,"href":"https:\/\/secretdestrier.com\/en\/wp-json\/wp\/v2\/pages\/232\/revisions\/233"}],"wp:attachment":[{"href":"https:\/\/secretdestrier.com\/en\/wp-json\/wp\/v2\/media?parent=232"}],"curies":[{"name":"wp","href":"https:\/\/api.w.org\/{rel}","templated":true}]}}