{"id":17,"date":"2025-01-27T00:00:54","date_gmt":"2025-01-26T23:00:54","guid":{"rendered":"https:\/\/localhost.fr\/?page_id=17"},"modified":"2026-04-10T04:15:42","modified_gmt":"2026-04-10T02:15:42","slug":"home","status":"publish","type":"page","link":"https:\/\/secretdestrier.com\/en\/","title":{"rendered":"THE DESTRIER'S SECRET"},"content":{"rendered":"<div class=\"wp-block-columns is-layout-flex wp-container-core-columns-is-layout-28f84493 wp-block-columns-is-layout-flex\">\n<div class=\"wp-block-column is-layout-flow wp-block-column-is-layout-flow\">\n<figure class=\"wp-block-image size-full mobile-margin-0\" style=\"margin-top:var(--wp--preset--spacing--20);margin-right:var(--wp--preset--spacing--70);margin-bottom:var(--wp--preset--spacing--20);margin-left:var(--wp--preset--spacing--70)\"><img loading=\"lazy\" decoding=\"async\" width=\"1810\" height=\"2560\" src=\"http:\/\/secretdestrier.com\/wp-content\/uploads\/2025\/07\/AFFICHE-SITE-EN-scaled.jpg\" alt=\"Les 7 \u00e9nigmes d'\u00e9checs\" class=\"wp-image-573\" srcset=\"https:\/\/secretdestrier.com\/wp-content\/uploads\/2025\/07\/AFFICHE-SITE-EN-scaled.jpg 1810w, https:\/\/secretdestrier.com\/wp-content\/uploads\/2025\/07\/AFFICHE-SITE-EN-212x300.jpg 212w, https:\/\/secretdestrier.com\/wp-content\/uploads\/2025\/07\/AFFICHE-SITE-EN-724x1024.jpg 724w, https:\/\/secretdestrier.com\/wp-content\/uploads\/2025\/07\/AFFICHE-SITE-EN-768x1086.jpg 768w, https:\/\/secretdestrier.com\/wp-content\/uploads\/2025\/07\/AFFICHE-SITE-EN-1086x1536.jpg 1086w, https:\/\/secretdestrier.com\/wp-content\/uploads\/2025\/07\/AFFICHE-SITE-EN-1448x2048.jpg 1448w, https:\/\/secretdestrier.com\/wp-content\/uploads\/2025\/07\/AFFICHE-SITE-EN-8x12.jpg 8w, https:\/\/secretdestrier.com\/wp-content\/uploads\/2025\/07\/AFFICHE-SITE-EN-600x849.jpg 600w\" sizes=\"auto, (max-width: 1810px) 100vw, 1810px\" \/><\/figure>\n<\/div>\n\n\n\n<div class=\"wp-block-column is-layout-flow wp-block-column-is-layout-flow\">\n<h1 class=\"wp-block-heading\">7 chess riddles<\/h1>\n\n\n\n<p><br>Would you dare to take part in the chess treasure hunt? No need to be a great chess strategist to solve the seven riddles in this book! Above all, this treasure hunt was designed to be fun and accessible to everyone. Any shrewd mind with a bit of common sense will be able to uncover the treasure\u2019s hiding place.<\/p>\n\n\n\n<p>In the end, it doesn\u2019t matter whether or not you know chess. All you need to solve the riddles is to learn how the pieces move and a few basic rules.<\/p>\n\n\n\n<p>This is the ideal opportunity to have fun with family and friends, but if you're more of a lone wolf, this hunt will suit you just as well!<\/p>\n\n\n\n<div class=\"wp-block-buttons is-layout-flex wp-block-buttons-is-layout-flex\">\n<div class=\"wp-block-button is-style-fill\"><a class=\"wp-block-button__link has-custom-texte-color has-custom-accent-background-color has-text-color has-background has-link-color wp-element-button\" href=\"https:\/\/secretdestrier.com\/en\/product\/chasse-au-tresor-le-secret-du-destrier\/\" style=\"border-radius:0px\">View the hunt<\/a><\/div>\n<\/div>\n<\/div>\n<\/div>\n\n\n\n<p><\/p>\n\n\n\n<main class=\"wp-block-group alignwide has-global-padding is-layout-constrained wp-block-group-is-layout-constrained\" style=\"margin-top:var(--wp--preset--spacing--60);padding-top:0px;padding-bottom:0\">\n<div class=\"wp-block-query alignfull is-layout-flow wp-block-query-is-layout-flow\"><ul class=\"alignfull wp-block-post-template is-layout-flow wp-container-core-post-template-is-layout-3ee800f6 wp-block-post-template-is-layout-flow\"><li class=\"wp-block-post post-1 post type-post status-publish format-standard hentry category-non-classe\">\n\n\n\n<figure class=\"wp-block-embed is-type-video is-provider-youtube wp-block-embed-youtube wp-embed-aspect-16-9 wp-has-aspect-ratio\"><div class=\"wp-block-embed__wrapper\">\n<iframe loading=\"lazy\" title=\"The Destrier&#039;s Secret - (Chess)\" width=\"500\" height=\"281\" src=\"https:\/\/www.youtube.com\/embed\/Ural3rLX930?feature=oembed\" frameborder=\"0\" allow=\"accelerometer; autoplay; clipboard-write; encrypted-media; gyroscope; picture-in-picture; web-share\" referrerpolicy=\"strict-origin-when-cross-origin\" allowfullscreen><\/iframe>\n<\/div><\/figure>\n\n\n\n<p class=\"has-text-align-center\" style=\"font-size:14px\"><br><br>THE TREASURE HUNT<\/p>\n\n\n\n<h2 class=\"wp-block-heading has-text-align-center\">WHAT IS THE DESTRIER'S SECRET?<\/h2>\n\n\n\n<div class=\"wp-block-group has-global-padding is-layout-constrained wp-block-group-is-layout-constrained\">\n<ul class=\"wp-block-list custom-list\">\n<li><strong>An unprecedented chess treasure hunt.<\/strong><\/li>\n\n\n\n<li><strong>7 chess puzzles to solve.<\/strong><\/li>\n\n\n\n<li><strong>Win the equivalent of \u20ac20,000 in gold.<\/strong><\/li>\n\n\n\n<li><strong>Win without leaving home: simply send your solution to the game's creator.<\/strong><\/li>\n<\/ul>\n<\/div>\n\n\n\n<div class=\"wp-block-columns is-layout-flex wp-container-core-columns-is-layout-ceb339ea wp-block-columns-is-layout-flex\" style=\"padding-top:var(--wp--preset--spacing--60)\">\n<div class=\"wp-block-column is-layout-flow wp-block-column-is-layout-flow\">\n<figure class=\"wp-block-image aligncenter size-full\"><img loading=\"lazy\" decoding=\"async\" width=\"97\" height=\"96\" src=\"https:\/\/secretdestrier.com\/wp-content\/uploads\/2025\/02\/cooperatif.png\" alt=\"\u00e9nigmes\" class=\"wp-image-266\"\/><\/figure>\n\n\n\n<h3 class=\"wp-block-heading has-text-align-center\" style=\"margin-top:var(--wp--preset--spacing--30);margin-bottom:var(--wp--preset--spacing--30)\">Cooperative<\/h3>\n\n\n\n<p class=\"has-text-align-center\" style=\"margin-top:0px;margin-bottom:0px;padding-top:0px;padding-bottom:0px;font-size:clamp(14px, 0.875rem + ((1vw - 3.2px) * 0.196), 16px);\"><mark style=\"background-color:rgba(0, 0, 0, 0);color:#999999\" class=\"has-inline-color\">Have fun with family<\/mark><\/p>\n\n\n\n<pre class=\"wp-block-verse has-text-align-center\" style=\"margin-top:0px;margin-bottom:0px;padding-top:0px;padding-bottom:0px;font-size:clamp(14px, 0.875rem + ((1vw - 3.2px) * 0.196), 16px);\"><mark style=\"background-color:rgba(0, 0, 0, 0);color:#999999\" class=\"has-inline-color\"> and friends<\/mark><\/pre>\n<\/div>\n\n\n\n<div class=\"wp-block-column is-layout-flow wp-block-column-is-layout-flow\">\n<figure class=\"wp-block-image aligncenter size-full\"><img loading=\"lazy\" decoding=\"async\" width=\"97\" height=\"96\" src=\"https:\/\/secretdestrier.com\/wp-content\/uploads\/2025\/02\/debut.png\" alt=\"Rapidit\u00e9\" class=\"wp-image-267\"\/><\/figure>\n\n\n\n<h3 class=\"wp-block-heading has-text-align-center\" style=\"margin-top:var(--wp--preset--spacing--30);margin-bottom:var(--wp--preset--spacing--30)\">Scheduled start in 2026<\/h3>\n\n\n\n<p class=\"has-text-align-center\" style=\"margin-top:0px;margin-bottom:0px;padding-top:0px;padding-bottom:0px;font-size:clamp(14px, 0.875rem + ((1vw - 3.2px) * 0.196), 16px);\"><mark style=\"background-color:rgba(0, 0, 0, 0);color:#999999\" class=\"has-inline-color\">La chasse d\u00e9butera <\/mark>le 28 mai<br><br><br><\/p>\n<\/div>\n\n\n\n<div class=\"wp-block-column is-layout-flow wp-block-column-is-layout-flow\">\n<figure class=\"wp-block-image aligncenter size-full\"><img loading=\"lazy\" decoding=\"async\" width=\"97\" height=\"96\" src=\"https:\/\/secretdestrier.com\/wp-content\/uploads\/2025\/02\/level.png\" alt=\"Echecs\" class=\"wp-image-268\"\/><\/figure>\n\n\n\n<h3 class=\"wp-block-heading has-text-align-center\" style=\"margin-top:var(--wp--preset--spacing--30);margin-bottom:var(--wp--preset--spacing--30)\">Beginner level<\/h3>\n\n\n\n<p class=\"has-text-align-center\" style=\"margin-top:0px;margin-bottom:0px;padding-top:0px;padding-bottom:0px;font-size:clamp(14px, 0.875rem + ((1vw - 3.2px) * 0.196), 16px);\"><mark style=\"background-color:rgba(0, 0, 0, 0);color:#999999\" class=\"has-inline-color\">No need to be a<\/mark><\/p>\n\n\n\n<p class=\"has-text-align-center\" style=\"margin-top:0px;margin-bottom:0px;padding-top:0px;padding-bottom:0px;font-size:clamp(14px, 0.875rem + ((1vw - 3.2px) * 0.196), 16px);\"><mark style=\"background-color:rgba(0, 0, 0, 0);color:#999999\" class=\"has-inline-color\">great chess strategist...<\/mark><\/p>\n<\/div>\n<\/div>\n\n\n\n<figure class=\"wp-block-image aligncenter size-full\"><img loading=\"lazy\" decoding=\"async\" width=\"96\" height=\"96\" src=\"https:\/\/secretdestrier.com\/wp-content\/uploads\/2025\/02\/rank.png\" alt=\"\" class=\"wp-image-269\"\/><\/figure>\n\n\n\n<p class=\"has-text-align-center has-hind-font-family\" style=\"font-size:14px;letter-spacing:1px\">TAKE THE CHALLENGE<\/p>\n\n<\/li><\/ul><\/div>\n<\/main>\n\n\n\n<p><\/p>\n\n\n\n<p><\/p>\n\n\n\n<div class=\"wp-block-group alignfull chess-container is-layout-flow wp-block-group-is-layout-flow has-background\" style=\"padding-right:0;padding-left:0;background-image:url(&apos;http:\/\/secretdestrier.com\/wp-content\/uploads\/2025\/02\/chess-bg.png&apos;);background-position:31% 4%;background-size:cover;\">\n<h2 class=\"wp-block-heading has-text-align-center max-width\" style=\"font-size:clamp(42.068px, 2.629rem + ((1vw - 3.2px) * 3.719), 80px);\">A UNIQUE TREASURE HUNT<\/h2>\n\n\n\n<div class=\"wp-block-group chess-buttons is-content-justification-center is-nowrap is-layout-flex wp-container-core-group-is-layout-23441af8 wp-block-group-is-layout-flex\">\n<div class=\"wp-block-buttons is-layout-flex wp-block-buttons-is-layout-flex\">\n<div class=\"wp-block-button\"><a class=\"wp-block-button__link has-hind-font-family has-custom-font-size wp-element-button\" href=\"https:\/\/secretdestrier.com\/en\/product\/chasse-au-tresor-le-secret-du-destrier\/\" style=\"border-radius:0px;padding-top:var(--wp--preset--spacing--20);padding-right:var(--wp--preset--spacing--50);padding-bottom:var(--wp--preset--spacing--20);padding-left:var(--wp--preset--spacing--50);font-size:14px;font-style:normal;font-weight:500\">JOIN US<\/a><\/div>\n<\/div>\n\n\n\n<div class=\"wp-block-buttons is-layout-flex wp-block-buttons-is-layout-flex\">\n<div class=\"wp-block-button is-style-outline is-style-outline--1\"><a class=\"wp-block-button__link has-custom-accent-color has-text-color has-link-color has-hind-font-family has-custom-font-size wp-element-button\" href=\"https:\/\/secretdestrier.com\/en\/product\/chasse-au-tresor-le-secret-du-destrier\/\" style=\"border-style:none;border-width:0px;font-size:14px;font-style:normal;font-weight:500\">LEARN MORE \u279e<\/a><\/div>\n<\/div>\n<\/div>\n<\/div>\n\n\n\n<div class=\"wp-block-group gain-container has-global-padding is-layout-constrained wp-container-core-group-is-layout-7db9d80f wp-block-group-is-layout-constrained\" style=\"padding-right:0;padding-left:0\">\n<div class=\"wp-block-group has-border-color has-custom-texte-border-color has-custom-back-background-color has-background has-global-padding is-content-justification-center is-layout-constrained wp-container-core-group-is-layout-bda34242 wp-block-group-is-layout-constrained\" style=\"padding-right:var(--wp--preset--spacing--40);padding-left:var(--wp--preset--spacing--40)\">\n<div class=\"wp-block-group has-global-padding is-content-justification-left is-layout-constrained wp-container-core-group-is-layout-5ba60c8d wp-block-group-is-layout-constrained\" style=\"margin-top:0;margin-bottom:0;padding-right:0;padding-left:0\">\n<figure class=\"wp-block-image size-full\"><img loading=\"lazy\" decoding=\"async\" width=\"96\" height=\"96\" src=\"https:\/\/secretdestrier.com\/wp-content\/uploads\/2025\/02\/chess-2.png\" alt=\"\" class=\"wp-image-270\"\/><\/figure>\n\n\n\n<p class=\"has-hind-font-family\" style=\"font-size:14px;letter-spacing:1px\">WIN THE HUNT<\/p>\n<\/div>\n\n\n\n<h2 class=\"wp-block-heading\" style=\"font-size:clamp(35.2px, 2.2rem + ((1vw - 3.2px) * 2.824), 64px);\">GAINS AND TREASURE<\/h2>\n\n\n\n<ul style=\"margin-top:var(--wp--preset--spacing--40);margin-right:0;margin-bottom:0;margin-left:0\" class=\"wp-block-list custom-list\">\n<li>The bronze sculpture \"Horse restrained by a Groom\".<\/li>\n\n\n\n<li style=\"padding-top:0\">The equivalent of \u20ac20,000 in gold.<\/li>\n\n\n\n<li class=\"inline-block\"><span>A calligraphed letter of congratulations adorned with illuminations, specially designed by Karen D\u00e9posier!<span class=\"nowrap\"><\/span><\/span><\/li>\n\n\n\n<li class=\"inline-block\"><span>A hidden treasure chest, buried somewhere in <span class=\"nowrap\">France!<\/span><\/span><\/li>\n<\/ul>\n\n\n\n<p><\/p>\n<\/div>\n<\/div>\n\n\n\n<p><\/p>","protected":false},"excerpt":{"rendered":"<p>7 \u00e9nigmes d&rsquo;\u00e9checs Oserez-vous vous immiscer dans une chasse au tr\u00e9sor \u00e9chiqu\u00e9enne ? Nul besoin ici d&rsquo;\u00eatre un grand strat\u00e8ge des \u00e9checs pour r\u00e9soudre les sept \u00e9nigmes de ce livre ! Cette chasse au tr\u00e9sor a avant tout \u00e9t\u00e9 con\u00e7ue pour \u00eatre ludique et accessible \u00e0 tous : n\u2019importe quelle personne astucieuse et ayant un [&hellip;]<\/p>\n","protected":false},"author":2,"featured_media":0,"parent":0,"menu_order":0,"comment_status":"closed","ping_status":"closed","template":"page-no-title","meta":{"footnotes":""},"class_list":["post-17","page","type-page","status-publish","hentry"],"yoast_head":"<!-- This site is optimized with the Yoast SEO plugin v27.4 - https:\/\/yoast.com\/product\/yoast-seo-wordpress\/ -->\n<title>Le Secret Du Destrier - 7 \u00e9nigmes d&#039;\u00e9checs<\/title>\n<meta name=\"description\" content=\"Une chasse au tr\u00e9sor in\u00e9dite. 7 \u00e9nigmes d&#039;\u00e9checs \u00e0 r\u00e9soudre. Remporter l&#039;\u00e9quivalent de 20 000 euros en or. Gagnez sans bouger de chez vous.\" \/>\n<meta name=\"robots\" content=\"index, follow, max-snippet:-1, max-image-preview:large, max-video-preview:-1\" \/>\n<link rel=\"canonical\" href=\"https:\/\/secretdestrier.com\/en\/\" \/>\n<meta property=\"og:locale\" content=\"en_GB\" \/>\n<meta property=\"og:type\" content=\"article\" \/>\n<meta property=\"og:title\" content=\"Le Secret Du Destrier - 7 \u00e9nigmes d&#039;\u00e9checs\" \/>\n<meta property=\"og:description\" content=\"Une chasse au tr\u00e9sor in\u00e9dite. 7 \u00e9nigmes d&#039;\u00e9checs \u00e0 r\u00e9soudre. Remporter l&#039;\u00e9quivalent de 20 000 euros en or. Gagnez sans bouger de chez vous.\" \/>\n<meta property=\"og:url\" content=\"https:\/\/secretdestrier.com\/en\/\" \/>\n<meta property=\"og:site_name\" content=\"Le Secret Du Destrier\" \/>\n<meta property=\"article:modified_time\" content=\"2026-04-10T02:15:42+00:00\" \/>\n<meta property=\"og:image\" content=\"https:\/\/secretdestrier.com\/wp-content\/uploads\/2025\/03\/AFFICHE-FR-2-scaled.jpg\" \/>\n\t<meta property=\"og:image:width\" content=\"1810\" \/>\n\t<meta property=\"og:image:height\" content=\"2560\" \/>\n\t<meta property=\"og:image:type\" content=\"image\/jpeg\" \/>\n<meta name=\"twitter:card\" content=\"summary_large_image\" \/>\n<meta name=\"twitter:label1\" content=\"Estimated reading time\" \/>\n\t<meta name=\"twitter:data1\" content=\"3 minutes\" \/>\n<script type=\"application\/ld+json\" class=\"yoast-schema-graph\">{\"@context\":\"https:\\\/\\\/schema.org\",\"@graph\":[{\"@type\":\"WebPage\",\"@id\":\"https:\\\/\\\/secretdestrier.com\\\/\",\"url\":\"https:\\\/\\\/secretdestrier.com\\\/\",\"name\":\"Le Secret Du Destrier - 7 \u00e9nigmes d'\u00e9checs\",\"isPartOf\":{\"@id\":\"https:\\\/\\\/secretdestrier.com\\\/#website\"},\"primaryImageOfPage\":{\"@id\":\"https:\\\/\\\/secretdestrier.com\\\/#primaryimage\"},\"image\":{\"@id\":\"https:\\\/\\\/secretdestrier.com\\\/#primaryimage\"},\"thumbnailUrl\":\"http:\\\/\\\/secretdestrier.com\\\/wp-content\\\/uploads\\\/2025\\\/03\\\/AFFICHE-FR-2-scaled.jpg\",\"datePublished\":\"2025-01-26T23:00:54+00:00\",\"dateModified\":\"2026-04-10T02:15:42+00:00\",\"description\":\"Une chasse au tr\u00e9sor in\u00e9dite. 7 \u00e9nigmes d'\u00e9checs \u00e0 r\u00e9soudre. Remporter l'\u00e9quivalent de 20 000 euros en or. Gagnez sans bouger de chez vous.\",\"breadcrumb\":{\"@id\":\"https:\\\/\\\/secretdestrier.com\\\/#breadcrumb\"},\"inLanguage\":\"en-GB\",\"potentialAction\":[{\"@type\":\"ReadAction\",\"target\":[\"https:\\\/\\\/secretdestrier.com\\\/\"]}]},{\"@type\":\"ImageObject\",\"inLanguage\":\"en-GB\",\"@id\":\"https:\\\/\\\/secretdestrier.com\\\/#primaryimage\",\"url\":\"http:\\\/\\\/secretdestrier.com\\\/wp-content\\\/uploads\\\/2025\\\/03\\\/AFFICHE-FR-2-scaled.jpg\",\"contentUrl\":\"http:\\\/\\\/secretdestrier.com\\\/wp-content\\\/uploads\\\/2025\\\/03\\\/AFFICHE-FR-2-scaled.jpg\"},{\"@type\":\"BreadcrumbList\",\"@id\":\"https:\\\/\\\/secretdestrier.com\\\/#breadcrumb\",\"itemListElement\":[{\"@type\":\"ListItem\",\"position\":1,\"name\":\"Accueil\",\"item\":\"https:\\\/\\\/secretdestrier.com\\\/\"},{\"@type\":\"ListItem\",\"position\":2,\"name\":\"Le secret du destrier\"}]},{\"@type\":\"WebSite\",\"@id\":\"https:\\\/\\\/secretdestrier.com\\\/#website\",\"url\":\"https:\\\/\\\/secretdestrier.com\\\/\",\"name\":\"Le Secret Du Destrier\",\"description\":\"Une chasse au tr\u00e9sor unique\",\"publisher\":{\"@id\":\"https:\\\/\\\/secretdestrier.com\\\/#organization\"},\"potentialAction\":[{\"@type\":\"SearchAction\",\"target\":{\"@type\":\"EntryPoint\",\"urlTemplate\":\"https:\\\/\\\/secretdestrier.com\\\/?s={search_term_string}\"},\"query-input\":{\"@type\":\"PropertyValueSpecification\",\"valueRequired\":true,\"valueName\":\"search_term_string\"}}],\"inLanguage\":\"en-GB\"},{\"@type\":\"Organization\",\"@id\":\"https:\\\/\\\/secretdestrier.com\\\/#organization\",\"name\":\"Le Secret Du Destrier\",\"url\":\"https:\\\/\\\/secretdestrier.com\\\/\",\"logo\":{\"@type\":\"ImageObject\",\"inLanguage\":\"en-GB\",\"@id\":\"https:\\\/\\\/secretdestrier.com\\\/#\\\/schema\\\/logo\\\/image\\\/\",\"url\":\"http:\\\/\\\/secretdestrier.com\\\/wp-content\\\/uploads\\\/2025\\\/04\\\/Image1.jpg\",\"contentUrl\":\"http:\\\/\\\/secretdestrier.com\\\/wp-content\\\/uploads\\\/2025\\\/04\\\/Image1.jpg\",\"width\":528,\"height\":404,\"caption\":\"Le Secret Du Destrier\"},\"image\":{\"@id\":\"https:\\\/\\\/secretdestrier.com\\\/#\\\/schema\\\/logo\\\/image\\\/\"},\"sameAs\":[\"https:\\\/\\\/discord.gg\\\/mSw2FA3JkE\"]}]}<\/script>\n<!-- \/ Yoast SEO plugin. -->","yoast_head_json":{"title":"Le Secret Du Destrier - 7 \u00e9nigmes d'\u00e9checs","description":"Une chasse au tr\u00e9sor in\u00e9dite. 7 \u00e9nigmes d'\u00e9checs \u00e0 r\u00e9soudre. Remporter l'\u00e9quivalent de 20 000 euros en or. Gagnez sans bouger de chez vous.","robots":{"index":"index","follow":"follow","max-snippet":"max-snippet:-1","max-image-preview":"max-image-preview:large","max-video-preview":"max-video-preview:-1"},"canonical":"https:\/\/secretdestrier.com\/en\/","og_locale":"en_GB","og_type":"article","og_title":"Le Secret Du Destrier - 7 \u00e9nigmes d'\u00e9checs","og_description":"Une chasse au tr\u00e9sor in\u00e9dite. 7 \u00e9nigmes d'\u00e9checs \u00e0 r\u00e9soudre. Remporter l'\u00e9quivalent de 20 000 euros en or. Gagnez sans bouger de chez vous.","og_url":"https:\/\/secretdestrier.com\/en\/","og_site_name":"Le Secret Du Destrier","article_modified_time":"2026-04-10T02:15:42+00:00","og_image":[{"width":1810,"height":2560,"url":"https:\/\/secretdestrier.com\/wp-content\/uploads\/2025\/03\/AFFICHE-FR-2-scaled.jpg","type":"image\/jpeg"}],"twitter_card":"summary_large_image","twitter_misc":{"Estimated reading time":"3 minutes"},"schema":{"@context":"https:\/\/schema.org","@graph":[{"@type":"WebPage","@id":"https:\/\/secretdestrier.com\/","url":"https:\/\/secretdestrier.com\/","name":"Le Secret Du Destrier - 7 \u00e9nigmes d'\u00e9checs","isPartOf":{"@id":"https:\/\/secretdestrier.com\/#website"},"primaryImageOfPage":{"@id":"https:\/\/secretdestrier.com\/#primaryimage"},"image":{"@id":"https:\/\/secretdestrier.com\/#primaryimage"},"thumbnailUrl":"http:\/\/secretdestrier.com\/wp-content\/uploads\/2025\/03\/AFFICHE-FR-2-scaled.jpg","datePublished":"2025-01-26T23:00:54+00:00","dateModified":"2026-04-10T02:15:42+00:00","description":"Une chasse au tr\u00e9sor in\u00e9dite. 7 \u00e9nigmes d'\u00e9checs \u00e0 r\u00e9soudre. Remporter l'\u00e9quivalent de 20 000 euros en or. Gagnez sans bouger de chez vous.","breadcrumb":{"@id":"https:\/\/secretdestrier.com\/#breadcrumb"},"inLanguage":"en-GB","potentialAction":[{"@type":"ReadAction","target":["https:\/\/secretdestrier.com\/"]}]},{"@type":"ImageObject","inLanguage":"en-GB","@id":"https:\/\/secretdestrier.com\/#primaryimage","url":"http:\/\/secretdestrier.com\/wp-content\/uploads\/2025\/03\/AFFICHE-FR-2-scaled.jpg","contentUrl":"http:\/\/secretdestrier.com\/wp-content\/uploads\/2025\/03\/AFFICHE-FR-2-scaled.jpg"},{"@type":"BreadcrumbList","@id":"https:\/\/secretdestrier.com\/#breadcrumb","itemListElement":[{"@type":"ListItem","position":1,"name":"Accueil","item":"https:\/\/secretdestrier.com\/"},{"@type":"ListItem","position":2,"name":"Le secret du destrier"}]},{"@type":"WebSite","@id":"https:\/\/secretdestrier.com\/#website","url":"https:\/\/secretdestrier.com\/","name":"Le Secret Du Destrier","description":"A unique treasure hunt","publisher":{"@id":"https:\/\/secretdestrier.com\/#organization"},"potentialAction":[{"@type":"SearchAction","target":{"@type":"EntryPoint","urlTemplate":"https:\/\/secretdestrier.com\/?s={search_term_string}"},"query-input":{"@type":"PropertyValueSpecification","valueRequired":true,"valueName":"search_term_string"}}],"inLanguage":"en-GB"},{"@type":"Organization","@id":"https:\/\/secretdestrier.com\/#organization","name":"Le Secret Du Destrier","url":"https:\/\/secretdestrier.com\/","logo":{"@type":"ImageObject","inLanguage":"en-GB","@id":"https:\/\/secretdestrier.com\/#\/schema\/logo\/image\/","url":"http:\/\/secretdestrier.com\/wp-content\/uploads\/2025\/04\/Image1.jpg","contentUrl":"http:\/\/secretdestrier.com\/wp-content\/uploads\/2025\/04\/Image1.jpg","width":528,"height":404,"caption":"Le Secret Du Destrier"},"image":{"@id":"https:\/\/secretdestrier.com\/#\/schema\/logo\/image\/"},"sameAs":["https:\/\/discord.gg\/mSw2FA3JkE"]}]}},"_links":{"self":[{"href":"https:\/\/secretdestrier.com\/en\/wp-json\/wp\/v2\/pages\/17","targetHints":{"allow":["GET"]}}],"collection":[{"href":"https:\/\/secretdestrier.com\/en\/wp-json\/wp\/v2\/pages"}],"about":[{"href":"https:\/\/secretdestrier.com\/en\/wp-json\/wp\/v2\/types\/page"}],"author":[{"embeddable":true,"href":"https:\/\/secretdestrier.com\/en\/wp-json\/wp\/v2\/users\/2"}],"replies":[{"embeddable":true,"href":"https:\/\/secretdestrier.com\/en\/wp-json\/wp\/v2\/comments?post=17"}],"version-history":[{"count":110,"href":"https:\/\/secretdestrier.com\/en\/wp-json\/wp\/v2\/pages\/17\/revisions"}],"predecessor-version":[{"id":1209,"href":"https:\/\/secretdestrier.com\/en\/wp-json\/wp\/v2\/pages\/17\/revisions\/1209"}],"wp:attachment":[{"href":"https:\/\/secretdestrier.com\/en\/wp-json\/wp\/v2\/media?parent=17"}],"curies":[{"name":"wp","href":"https:\/\/api.w.org\/{rel}","templated":true}]}}